{"id":417,"date":"2023-06-06T12:50:14","date_gmt":"2023-06-06T10:50:14","guid":{"rendered":"https:\/\/semaineroyale.com\/?page_id=417"},"modified":"2024-06-27T13:00:09","modified_gmt":"2024-06-27T11:00:09","slug":"ceremonie-dordination","status":"publish","type":"page","link":"https:\/\/semaineroyale.com\/es\/ceremonie-dordination\/","title":{"rendered":"Ceremonia de ordenaci\u00f3n"},"content":{"rendered":"<div data-elementor-type=\"wp-page\" data-elementor-id=\"417\" class=\"elementor elementor-417\" data-elementor-post-type=\"page\">\n\t\t\t\t<div class=\"elementor-element elementor-element-d6cdc5f e-flex e-con-boxed e-con e-parent\" data-id=\"d6cdc5f\" data-element_type=\"container\" data-settings=\"{&quot;background_background&quot;:&quot;classic&quot;}\">\n\t\t\t\t\t<div class=\"e-con-inner\">\n\t\t<div class=\"elementor-element elementor-element-a7aa71f e-con-full e-flex e-con e-child\" data-id=\"a7aa71f\" data-element_type=\"container\">\n\t\t\t\t<div class=\"elementor-element elementor-element-1cb57ec elementor-widget elementor-widget-spacer\" data-id=\"1cb57ec\" data-element_type=\"widget\" data-widget_type=\"spacer.default\">\n\t\t\t\t<div class=\"elementor-widget-container\">\n\t\t\t<style>\/*! elementor - v3.22.0 - 24-06-2024 *\/\n.elementor-column .elementor-spacer-inner{height:var(--spacer-size)}.e-con{--container-widget-width:100%}.e-con-inner>.elementor-widget-spacer,.e-con>.elementor-widget-spacer{width:var(--container-widget-width,var(--spacer-size));--align-self:var(--container-widget-align-self,initial);--flex-shrink:0}.e-con-inner>.elementor-widget-spacer>.elementor-widget-container,.e-con>.elementor-widget-spacer>.elementor-widget-container{height:100%;width:100%}.e-con-inner>.elementor-widget-spacer>.elementor-widget-container>.elementor-spacer,.e-con>.elementor-widget-spacer>.elementor-widget-container>.elementor-spacer{height:100%}.e-con-inner>.elementor-widget-spacer>.elementor-widget-container>.elementor-spacer>.elementor-spacer-inner,.e-con>.elementor-widget-spacer>.elementor-widget-container>.elementor-spacer>.elementor-spacer-inner{height:var(--container-widget-height,var(--spacer-size))}.e-con-inner>.elementor-widget-spacer.elementor-widget-empty,.e-con>.elementor-widget-spacer.elementor-widget-empty{position:relative;min-height:22px;min-width:22px}.e-con-inner>.elementor-widget-spacer.elementor-widget-empty .elementor-widget-empty-icon,.e-con>.elementor-widget-spacer.elementor-widget-empty .elementor-widget-empty-icon{position:absolute;top:0;bottom:0;left:0;right:0;margin:auto;padding:0;width:22px;height:22px}<\/style>\t\t<div class=\"elementor-spacer\">\n\t\t\t<div class=\"elementor-spacer-inner\"><\/div>\n\t\t<\/div>\n\t\t\t\t<\/div>\n\t\t\t\t<\/div>\n\t\t\t\t<div class=\"elementor-element elementor-element-3ea45f2 elementor-widget-mobile__width-initial elementor-widget elementor-widget-image\" data-id=\"3ea45f2\" data-element_type=\"widget\" data-widget_type=\"image.default\">\n\t\t\t\t<div class=\"elementor-widget-container\">\n\t\t\t<style>\/*! elementor - v3.22.0 - 24-06-2024 *\/\n.elementor-widget-image{text-align:center}.elementor-widget-image a{display:inline-block}.elementor-widget-image a img[src$=\".svg\"]{width:48px}.elementor-widget-image img{vertical-align:middle;display:inline-block}<\/style>\t\t\t\t\t\t\t\t\t\t<img fetchpriority=\"high\" decoding=\"async\" width=\"916\" height=\"327\" src=\"https:\/\/semaineroyale.com\/wp-content\/uploads\/2023\/06\/Logoordination2.png\" class=\"attachment-full size-full wp-image-840\" alt=\"\" srcset=\"https:\/\/semaineroyale.com\/wp-content\/uploads\/2023\/06\/Logoordination2.png 916w, https:\/\/semaineroyale.com\/wp-content\/uploads\/2023\/06\/Logoordination2-300x107.png 300w, https:\/\/semaineroyale.com\/wp-content\/uploads\/2023\/06\/Logoordination2-768x274.png 768w\" sizes=\"(max-width: 916px) 100vw, 916px\" \/>\t\t\t\t\t\t\t\t\t\t\t\t\t<\/div>\n\t\t\t\t<\/div>\n\t\t\t\t<div class=\"elementor-element elementor-element-ab36af1 elementor-icon-list--layout-inline elementor-align-center elementor-list-item-link-full_width elementor-widget elementor-widget-icon-list\" data-id=\"ab36af1\" data-element_type=\"widget\" data-widget_type=\"icon-list.default\">\n\t\t\t\t<div class=\"elementor-widget-container\">\n\t\t\t<link rel=\"stylesheet\" href=\"https:\/\/semaineroyale.com\/wp-content\/plugins\/elementor\/assets\/css\/widget-icon-list.min.css\">\t\t<ul class=\"elementor-icon-list-items elementor-inline-items\">\n\t\t\t\t\t\t\t<li class=\"elementor-icon-list-item elementor-inline-item\">\n\t\t\t\t\t\t\t\t\t\t\t<span class=\"elementor-icon-list-icon\">\n\t\t\t\t\t\t\t<i aria-hidden=\"true\" class=\"fas fa-square-full\"><\/i>\t\t\t\t\t\t<\/span>\n\t\t\t\t\t\t\t\t\t\t<span class=\"elementor-icon-list-text\">Misioneros<\/span>\n\t\t\t\t\t\t\t\t\t<\/li>\n\t\t\t\t\t\t\t\t<li class=\"elementor-icon-list-item elementor-inline-item\">\n\t\t\t\t\t\t\t\t\t\t\t<span class=\"elementor-icon-list-icon\">\n\t\t\t\t\t\t\t<i aria-hidden=\"true\" class=\"fas fa-square-full\"><\/i>\t\t\t\t\t\t<\/span>\n\t\t\t\t\t\t\t\t\t\t<span class=\"elementor-icon-list-text\">pastores<\/span>\n\t\t\t\t\t\t\t\t\t<\/li>\n\t\t\t\t\t\t<\/ul>\n\t\t\t\t<\/div>\n\t\t\t\t<\/div>\n\t\t\t\t<div class=\"elementor-element elementor-element-f587dd6 elementor-widget-mobile__width-initial elementor-widget elementor-widget-image\" data-id=\"f587dd6\" data-element_type=\"widget\" data-widget_type=\"image.default\">\n\t\t\t\t<div class=\"elementor-widget-container\">\n\t\t\t\t\t\t\t\t\t\t\t\t\t<img decoding=\"async\" width=\"681\" height=\"394\" src=\"https:\/\/semaineroyale.com\/wp-content\/uploads\/2024\/06\/Horaires.png\" class=\"attachment-large size-large wp-image-1934\" alt=\"\" srcset=\"https:\/\/semaineroyale.com\/wp-content\/uploads\/2024\/06\/Horaires.png 681w, https:\/\/semaineroyale.com\/wp-content\/uploads\/2024\/06\/Horaires-300x174.png 300w\" sizes=\"(max-width: 681px) 100vw, 681px\" \/>\t\t\t\t\t\t\t\t\t\t\t\t\t<\/div>\n\t\t\t\t<\/div>\n\t\t\t\t<div class=\"elementor-element elementor-element-a6ebc81 elementor-icon-list--layout-inline elementor-align-center elementor-list-item-link-full_width elementor-widget elementor-widget-icon-list\" data-id=\"a6ebc81\" data-element_type=\"widget\" data-widget_type=\"icon-list.default\">\n\t\t\t\t<div class=\"elementor-widget-container\">\n\t\t\t\t\t<ul class=\"elementor-icon-list-items elementor-inline-items\">\n\t\t\t\t\t\t\t<li class=\"elementor-icon-list-item elementor-inline-item\">\n\t\t\t\t\t\t\t\t\t\t\t<span class=\"elementor-icon-list-icon\">\n\t\t\t\t\t\t\t<i aria-hidden=\"true\" class=\"fas fa-circle\"><\/i>\t\t\t\t\t\t<\/span>\n\t\t\t\t\t\t\t\t\t\t<span class=\"elementor-icon-list-text\">europa<\/span>\n\t\t\t\t\t\t\t\t\t<\/li>\n\t\t\t\t\t\t\t\t<li class=\"elementor-icon-list-item elementor-inline-item\">\n\t\t\t\t\t\t\t\t\t\t\t<span class=\"elementor-icon-list-icon\">\n\t\t\t\t\t\t\t<i aria-hidden=\"true\" class=\"fas fa-circle\"><\/i>\t\t\t\t\t\t<\/span>\n\t\t\t\t\t\t\t\t\t\t<span class=\"elementor-icon-list-text\">\u00e1frica<\/span>\n\t\t\t\t\t\t\t\t\t<\/li>\n\t\t\t\t\t\t\t\t<li class=\"elementor-icon-list-item elementor-inline-item\">\n\t\t\t\t\t\t\t\t\t\t\t<span class=\"elementor-icon-list-icon\">\n\t\t\t\t\t\t\t<i aria-hidden=\"true\" class=\"fas fa-circle\"><\/i>\t\t\t\t\t\t<\/span>\n\t\t\t\t\t\t\t\t\t\t<span class=\"elementor-icon-list-text\">am\u00e9rica<\/span>\n\t\t\t\t\t\t\t\t\t<\/li>\n\t\t\t\t\t\t\t\t<li class=\"elementor-icon-list-item elementor-inline-item\">\n\t\t\t\t\t\t\t\t\t\t\t<span class=\"elementor-icon-list-icon\">\n\t\t\t\t\t\t\t<i aria-hidden=\"true\" class=\"fas fa-circle\"><\/i>\t\t\t\t\t\t<\/span>\n\t\t\t\t\t\t\t\t\t\t<span class=\"elementor-icon-list-text\">Caribe<\/span>\n\t\t\t\t\t\t\t\t\t<\/li>\n\t\t\t\t\t\t<\/ul>\n\t\t\t\t<\/div>\n\t\t\t\t<\/div>\n\t\t\t\t<\/div>\n\t\t\t\t\t<\/div>\n\t\t\t\t<\/div>\n\t\t<div class=\"elementor-element elementor-element-fee6324 e-flex e-con-boxed e-con e-parent\" data-id=\"fee6324\" data-element_type=\"container\" data-settings=\"{&quot;background_background&quot;:&quot;classic&quot;}\">\n\t\t\t\t\t<div class=\"e-con-inner\">\n\t\t\t\t<div class=\"elementor-element elementor-element-cedd704 elementor-widget elementor-widget-text-editor\" data-id=\"cedd704\" data-element_type=\"widget\" data-widget_type=\"text-editor.default\">\n\t\t\t\t<div class=\"elementor-widget-container\">\n\t\t\t<style>\/*! elementor - v3.22.0 - 24-06-2024 *\/\n.elementor-widget-text-editor.elementor-drop-cap-view-stacked .elementor-drop-cap{background-color:#69727d;color:#fff}.elementor-widget-text-editor.elementor-drop-cap-view-framed .elementor-drop-cap{color:#69727d;border:3px solid;background-color:transparent}.elementor-widget-text-editor:not(.elementor-drop-cap-view-default) .elementor-drop-cap{margin-top:8px}.elementor-widget-text-editor:not(.elementor-drop-cap-view-default) .elementor-drop-cap-letter{width:1em;height:1em}.elementor-widget-text-editor .elementor-drop-cap{float:left;text-align:center;line-height:1;font-size:50px}.elementor-widget-text-editor .elementor-drop-cap-letter{display:inline-block}<\/style>\t\t\t\t<p><span style=\"font-weight: 400;\">La ceremonia de ordenaci\u00f3n es una ceremonia en la que la Iglesia reconoce a varias categor\u00edas de servidores. Se trata de personas realmente comprometidas con Impact Centre Chr\u00e9tien, que trabajan en diferentes campos de misi\u00f3n en todo el mundo. M\u00e1s all\u00e1 de sus t\u00edtulos, la iglesia quiere apreciar y reconocer p\u00fablicamente la clara llamada de Dios en sus vidas. <\/span><\/p><p><span style=\"font-weight: 400;\">Esta llamada se manifest\u00f3 en la vida de estos hombres y mujeres. Decidieron hacer la obra m\u00e1s maravillosa de la tierra, la obra que nos encomend\u00f3 el Se\u00f1or Jesucristo: \"Id y haced disc\u00edpulos a todas las gentes, bautiz\u00e1ndolas en el nombre del Padre y del Hijo y del Esp\u00edritu Santo, y ense\u00f1\u00e1ndoles a guardar todo lo que yo os he mandado. Y he aqu\u00ed que yo estoy con vosotros todos los d\u00edas, hasta el fin del mundo\". Mateo 28:19-20.<\/span><\/p><p><span style=\"font-weight: 400;\">En la ceremonia se reconocer\u00e1n 4 categor\u00edas de participantes:<\/span><\/p>\t\t\t\t\t\t<\/div>\n\t\t\t\t<\/div>\n\t\t\t\t<div class=\"elementor-element elementor-element-6a5b90a elementor-widget elementor-widget-text-editor\" data-id=\"6a5b90a\" data-element_type=\"widget\" data-widget_type=\"text-editor.default\">\n\t\t\t\t<div class=\"elementor-widget-container\">\n\t\t\t\t\t\t\t<h3><strong>El misionero<\/strong><\/h3><p><span style=\"font-weight: 400;\">Un misionero es un trabajador activo en la expansi\u00f3n del Reino (Mateo 28:19), implicado en la plantaci\u00f3n y desarrollo de iglesias locales de la CCI.<\/span><\/p><p><span style=\"font-weight: 400;\">Para esta categor\u00eda, no es una cuesti\u00f3n de ordenaci\u00f3n, sino de reconocimiento p\u00fablico de los sacrificios realizados.<\/span><\/p><h2><strong>El pastor o pastor adjunto reconocido<\/strong><\/h2><p><span style=\"font-weight: 400;\">A un pastor reconocido se le llama pastor asistente, porque debe ayudar a un pastor confirmado o asociado.<\/span><\/p><p><span style=\"font-weight: 400;\">El pastor reconocido o pastor auxiliar es un servidor cualificado para el cuidado pastoral, que soporta una carga significativa en la administraci\u00f3n y la vida de la iglesia. Tras haber sido observado a lo largo del tiempo y en diferentes situaciones, se ha constatado un testimonio irreprochable y la realidad de una llamada de Dios para la funci\u00f3n pastoral que le concierne.<\/span><\/p><p><span style=\"font-weight: 400;\">S\u00f3lo los de las 2 \u00faltimas categor\u00edas, es decir, el evangelista y el pastor reconocido, ser\u00e1n ordenados (Efesios 4:11-12).<\/span><\/p>\t\t\t\t\t\t<\/div>\n\t\t\t\t<\/div>\n\t\t\t\t\t<\/div>\n\t\t\t\t<\/div>\n\t\t\t\t<\/div>","protected":false},"excerpt":{"rendered":"<p>Pastores misioneros europa \u00e1frica am\u00e9rica caribe La ordenaci\u00f3n es una ceremonia durante la cual la iglesia reconoce a varias categor\u00edas de servidores. Se trata de personas realmente comprometidas con Impact Centre Chr\u00e9tien, que trabajan en diferentes campos de misi\u00f3n en todo el mundo. M\u00e1s all\u00e1 de los t\u00edtulos, la iglesia desea apreciar y reconocer p\u00fablicamente el llamado...<\/p>","protected":false},"author":1,"featured_media":0,"parent":0,"menu_order":0,"comment_status":"closed","ping_status":"closed","template":"","meta":{"_kad_post_transparent":"","_kad_post_title":"hide","_kad_post_layout":"fullwidth","_kad_post_sidebar_id":"","_kad_post_content_style":"unboxed","_kad_post_vertical_padding":"hide","_kad_post_feature":"hide","_kad_post_feature_position":"","_kad_post_header":false,"_kad_post_footer":false,"footnotes":""},"class_list":["post-417","page","type-page","status-publish","hentry"],"_links":{"self":[{"href":"https:\/\/semaineroyale.com\/es\/wp-json\/wp\/v2\/pages\/417","targetHints":{"allow":["GET"]}}],"collection":[{"href":"https:\/\/semaineroyale.com\/es\/wp-json\/wp\/v2\/pages"}],"about":[{"href":"https:\/\/semaineroyale.com\/es\/wp-json\/wp\/v2\/types\/page"}],"author":[{"embeddable":true,"href":"https:\/\/semaineroyale.com\/es\/wp-json\/wp\/v2\/users\/1"}],"replies":[{"embeddable":true,"href":"https:\/\/semaineroyale.com\/es\/wp-json\/wp\/v2\/comments?post=417"}],"version-history":[{"count":5,"href":"https:\/\/semaineroyale.com\/es\/wp-json\/wp\/v2\/pages\/417\/revisions"}],"predecessor-version":[{"id":2266,"href":"https:\/\/semaineroyale.com\/es\/wp-json\/wp\/v2\/pages\/417\/revisions\/2266"}],"wp:attachment":[{"href":"https:\/\/semaineroyale.com\/es\/wp-json\/wp\/v2\/media?parent=417"}],"curies":[{"name":"wp","href":"https:\/\/api.w.org\/{rel}","templated":true}]}}